{"id":5,"date":"2025-10-24T19:31:15","date_gmt":"2025-10-24T19:31:15","guid":{"rendered":"https:\/\/mintcream-pony-176378.hostingersite.com\/?page_id=5"},"modified":"2025-11-09T14:26:53","modified_gmt":"2025-11-09T14:26:53","slug":"m-arkus-d","status":"publish","type":"page","link":"https:\/\/markusd.es\/en\/","title":{"rendered":""},"content":{"rendered":"<nav class=\"has-text-color has-accent-1-color has-background has-contrast-background-color is-responsive items-justified-center wp-block-navigation is-content-justification-center is-layout-flex wp-container-core-navigation-is-layout-a89b3969 wp-block-navigation-is-layout-flex\" aria-label=\"Men\u00fa\" \n\t\t data-wp-interactive=\"core\/navigation\" data-wp-context='{\"overlayOpenedBy\":{\"click\":false,\"hover\":false,\"focus\":false},\"type\":\"overlay\",\"roleAttribute\":\"\",\"ariaLabel\":\"Menu\"}'><button aria-haspopup=\"dialog\" aria-label=\"Open menu\" class=\"wp-block-navigation__responsive-container-open\" \n\t\t\t\tdata-wp-on-async--click=\"actions.openMenuOnClick\"\n\t\t\t\tdata-wp-on--keydown=\"actions.handleMenuKeydown\"\n\t\t\t><svg width=\"24\" height=\"24\" xmlns=\"http:\/\/www.w3.org\/2000\/svg\" viewbox=\"0 0 24 24\"><path d=\"M5 5v1.5h14V5H5zm0 7.8h14v-1.5H5v1.5zM5 19h14v-1.5H5V19z\" \/><\/svg><\/button>\n\t\t\t\t<div class=\"wp-block-navigation__responsive-container\"  id=\"modal-1\" \n\t\t\t\tdata-wp-class--has-modal-open=\"state.isMenuOpen\"\n\t\t\t\tdata-wp-class--is-menu-open=\"state.isMenuOpen\"\n\t\t\t\tdata-wp-watch=\"callbacks.initMenu\"\n\t\t\t\tdata-wp-on--keydown=\"actions.handleMenuKeydown\"\n\t\t\t\tdata-wp-on-async--focusout=\"actions.handleMenuFocusout\"\n\t\t\t\ttabindex=\"-1\"\n\t\t\t>\n\t\t\t\t\t<div class=\"wp-block-navigation__responsive-close\" tabindex=\"-1\">\n\t\t\t\t\t\t<div class=\"wp-block-navigation__responsive-dialog\" \n\t\t\t\tdata-wp-bind--aria-modal=\"state.ariaModal\"\n\t\t\t\tdata-wp-bind--aria-label=\"state.ariaLabel\"\n\t\t\t\tdata-wp-bind--role=\"state.roleAttribute\"\n\t\t\t>\n\t\t\t\t\t\t\t<button aria-label=\"Close menu\" class=\"wp-block-navigation__responsive-container-close\" \n\t\t\t\tdata-wp-on-async--click=\"actions.closeMenuOnClick\"\n\t\t\t><svg xmlns=\"http:\/\/www.w3.org\/2000\/svg\" viewbox=\"0 0 24 24\" width=\"24\" height=\"24\" aria-hidden=\"true\" focusable=\"false\"><path d=\"m13.06 12 6.47-6.47-1.06-1.06L12 10.94 5.53 4.47 4.47 5.53 10.94 12l-6.47 6.47 1.06 1.06L12 13.06l6.47 6.47 1.06-1.06L13.06 12Z\"><\/path><\/svg><\/button>\n\t\t\t\t\t\t\t<div class=\"wp-block-navigation__responsive-container-content\" \n\t\t\t\tdata-wp-watch=\"callbacks.focusFirstElement\"\n\t\t\t id=\"modal-1-content\">\n\t\t\t\t\t\t\t\t<ul class=\"wp-block-navigation__container has-text-color has-accent-1-color has-background has-contrast-background-color is-responsive items-justified-center wp-block-navigation\"><li class=\"wp-block-navigation-item wp-block-navigation-link has-large-font-size\"><a class=\"wp-block-navigation-item__content\"  href=\"https:\/\/markusd.es\/en\/arte-extremo\/\"><span class=\"wp-block-navigation-item__label\">Arte Extremo<\/span><\/a><\/li><li class=\"wp-block-navigation-item wp-block-navigation-link has-large-font-size\"><a class=\"wp-block-navigation-item__content\"  href=\"https:\/\/markusd.es\/en\/performance\/\"><span class=\"wp-block-navigation-item__label\">Performance<\/span><\/a><\/li><li class=\"wp-block-navigation-item wp-block-navigation-link has-large-font-size\"><a class=\"wp-block-navigation-item__content\"  href=\"https:\/\/markusd.es\/en\/artes-escenicas\/\"><span class=\"wp-block-navigation-item__label\">Performing Arts<\/span><\/a><\/li><li class=\"wp-block-navigation-item wp-block-navigation-link has-large-font-size\"><a class=\"wp-block-navigation-item__content\"  href=\"https:\/\/markusd.es\/en\/objetos-regalo\/\"><span class=\"wp-block-navigation-item__label\">Objetos Regalo<\/span><\/a><\/li><li class=\"wp-block-navigation-item wp-block-navigation-link has-large-font-size\"><a class=\"wp-block-navigation-item__content\"  href=\"https:\/\/markusd.es\/en\/murales-y-cuadros\/\"><span class=\"wp-block-navigation-item__label\">Murales y Cuadros<\/span><\/a><\/li><li class=\"wp-block-navigation-item wp-block-navigation-link has-large-font-size\"><a class=\"wp-block-navigation-item__content\"  href=\"https:\/\/markusd.es\/en\/tecnicas-artesanales\/\"><span class=\"wp-block-navigation-item__label\">T\u00e9cnicas Artesanales<\/span><\/a><\/li><\/ul>\n\t\t\t\t\t\t\t<\/div>\n\t\t\t\t\t\t<\/div>\n\t\t\t\t\t<\/div>\n\t\t\t\t<\/div><\/nav>\n\n\n<h1 class=\"wp-block-heading has-text-align-center is-style-text-annotation has-accent-1-color has-text-color has-link-color has-xx-large-font-size wp-elements-e0273480c62f50c989140f56a0634778 is-style-text-annotation--2\"><strong>Welcome to the Universe of Markus D \u2014 Extreme Art and Living Experience<\/strong><\/h1>\n\n\n\n<p class=\"is-style-default has-accent-1-color has-text-color has-link-color wp-elements-f2f0e86c10cacadcf6d40d337651b6a7\">Dive into a world where art is breathed, risked, and lived to the limit.<br>I am Markus D, an artist from Martorell, a pioneer of extreme art, known for creating artworks and performances in unique conditions: underwater, at height, and in natural environments where adrenaline merges with creativity.<\/p>\n\n\n\n<p class=\"has-accent-1-color has-text-color has-link-color wp-elements-33b5c1b2366d4ee18aa23c5ff1b48b96\"><strong>Here you will find my way of understanding art: without boundaries, without fear, and with an energy that connects body, mind, and emotion.<\/strong><\/p>\n\n\n\n<p class=\"has-accent-1-color has-text-color has-link-color wp-elements-41efb4ab40f5c99ac7549b5121548e57\">\ud83d\udc47Click on the images and discover what I do!\ud83d\udc47<\/p>\n\n\n\n<div class=\"wp-block-columns is-layout-flex wp-container-core-columns-is-layout-28f84493 wp-block-columns-is-layout-flex\">\n<div class=\"wp-block-column is-layout-flow wp-block-column-is-layout-flow\">\n<figure class=\"wp-block-image size-large\"><a href=\"https:\/\/markusd.es\/en\/arte-extremo\/\"><img loading=\"lazy\" decoding=\"async\" width=\"819\" height=\"1024\" src=\"https:\/\/markusd.es\/wp-content\/uploads\/2025\/11\/Copia-de-CONTEO-CON-IMAGENES-7-819x1024.png\" alt=\"\" class=\"wp-image-20\" srcset=\"https:\/\/markusd.es\/wp-content\/uploads\/2025\/11\/Copia-de-CONTEO-CON-IMAGENES-7-819x1024.png 819w, https:\/\/markusd.es\/wp-content\/uploads\/2025\/11\/Copia-de-CONTEO-CON-IMAGENES-7-240x300.png 240w, https:\/\/markusd.es\/wp-content\/uploads\/2025\/11\/Copia-de-CONTEO-CON-IMAGENES-7-768x960.png 768w, https:\/\/markusd.es\/wp-content\/uploads\/2025\/11\/Copia-de-CONTEO-CON-IMAGENES-7.png 1080w\" sizes=\"auto, (max-width: 819px) 100vw, 819px\" \/><\/a><\/figure>\n<\/div>\n\n\n\n<div class=\"wp-block-column is-layout-flow wp-block-column-is-layout-flow\">\n<figure class=\"wp-block-image size-large\"><a href=\"https:\/\/markusd.es\/en\/performance\/\"><img loading=\"lazy\" decoding=\"async\" width=\"819\" height=\"1024\" src=\"https:\/\/markusd.es\/wp-content\/uploads\/2025\/11\/Copia-de-CONTEO-CON-IMAGENES-8-819x1024.png\" alt=\"\" class=\"wp-image-21\" srcset=\"https:\/\/markusd.es\/wp-content\/uploads\/2025\/11\/Copia-de-CONTEO-CON-IMAGENES-8-819x1024.png 819w, https:\/\/markusd.es\/wp-content\/uploads\/2025\/11\/Copia-de-CONTEO-CON-IMAGENES-8-240x300.png 240w, https:\/\/markusd.es\/wp-content\/uploads\/2025\/11\/Copia-de-CONTEO-CON-IMAGENES-8-768x960.png 768w, https:\/\/markusd.es\/wp-content\/uploads\/2025\/11\/Copia-de-CONTEO-CON-IMAGENES-8.png 1080w\" sizes=\"auto, (max-width: 819px) 100vw, 819px\" \/><\/a><\/figure>\n<\/div>\n\n\n\n<div class=\"wp-block-column is-layout-flow wp-block-column-is-layout-flow\">\n<figure class=\"wp-block-image size-large\"><a href=\"https:\/\/markusd.es\/en\/artes-escenicas\/\"><img loading=\"lazy\" decoding=\"async\" width=\"819\" height=\"1024\" src=\"https:\/\/markusd.es\/wp-content\/uploads\/2025\/11\/Copia-de-CONTEO-CON-IMAGENES-9-819x1024.png\" alt=\"\" class=\"wp-image-22\" srcset=\"https:\/\/markusd.es\/wp-content\/uploads\/2025\/11\/Copia-de-CONTEO-CON-IMAGENES-9-819x1024.png 819w, https:\/\/markusd.es\/wp-content\/uploads\/2025\/11\/Copia-de-CONTEO-CON-IMAGENES-9-240x300.png 240w, https:\/\/markusd.es\/wp-content\/uploads\/2025\/11\/Copia-de-CONTEO-CON-IMAGENES-9-768x960.png 768w, https:\/\/markusd.es\/wp-content\/uploads\/2025\/11\/Copia-de-CONTEO-CON-IMAGENES-9.png 1080w\" sizes=\"auto, (max-width: 819px) 100vw, 819px\" \/><\/a><\/figure>\n<\/div>\n<\/div>\n\n\n\n<div class=\"wp-block-columns is-layout-flex wp-container-core-columns-is-layout-28f84493 wp-block-columns-is-layout-flex\">\n<div class=\"wp-block-column is-layout-flow wp-block-column-is-layout-flow\">\n<figure class=\"wp-block-image size-large\"><a href=\"https:\/\/markusd.es\/en\/objetos-regalo\/\"><img loading=\"lazy\" decoding=\"async\" width=\"819\" height=\"1024\" src=\"https:\/\/markusd.es\/wp-content\/uploads\/2025\/11\/Copia-de-CONTEO-CON-IMAGENES-10-819x1024.png\" alt=\"\" class=\"wp-image-24\" srcset=\"https:\/\/markusd.es\/wp-content\/uploads\/2025\/11\/Copia-de-CONTEO-CON-IMAGENES-10-819x1024.png 819w, https:\/\/markusd.es\/wp-content\/uploads\/2025\/11\/Copia-de-CONTEO-CON-IMAGENES-10-240x300.png 240w, https:\/\/markusd.es\/wp-content\/uploads\/2025\/11\/Copia-de-CONTEO-CON-IMAGENES-10-768x960.png 768w, https:\/\/markusd.es\/wp-content\/uploads\/2025\/11\/Copia-de-CONTEO-CON-IMAGENES-10.png 1080w\" sizes=\"auto, (max-width: 819px) 100vw, 819px\" \/><\/a><\/figure>\n<\/div>\n\n\n\n<div class=\"wp-block-column is-layout-flow wp-block-column-is-layout-flow\">\n<figure class=\"wp-block-image size-large\"><a href=\"https:\/\/markusd.es\/en\/murales-y-cuadros\/\"><img loading=\"lazy\" decoding=\"async\" width=\"819\" height=\"1024\" src=\"https:\/\/markusd.es\/wp-content\/uploads\/2025\/11\/Copia-de-CONTEO-CON-IMAGENES-11-819x1024.png\" alt=\"\" class=\"wp-image-26\" srcset=\"https:\/\/markusd.es\/wp-content\/uploads\/2025\/11\/Copia-de-CONTEO-CON-IMAGENES-11-819x1024.png 819w, https:\/\/markusd.es\/wp-content\/uploads\/2025\/11\/Copia-de-CONTEO-CON-IMAGENES-11-240x300.png 240w, https:\/\/markusd.es\/wp-content\/uploads\/2025\/11\/Copia-de-CONTEO-CON-IMAGENES-11-768x960.png 768w, https:\/\/markusd.es\/wp-content\/uploads\/2025\/11\/Copia-de-CONTEO-CON-IMAGENES-11.png 1080w\" sizes=\"auto, (max-width: 819px) 100vw, 819px\" \/><\/a><\/figure>\n<\/div>\n\n\n\n<div class=\"wp-block-column is-layout-flow wp-block-column-is-layout-flow\">\n<figure class=\"wp-block-image size-large\"><a href=\"https:\/\/markusd.es\/en\/tecnicas-artesanales\/\"><img loading=\"lazy\" decoding=\"async\" width=\"819\" height=\"1024\" src=\"https:\/\/markusd.es\/wp-content\/uploads\/2025\/11\/Copia-de-CONTEO-CON-IMAGENES-12-819x1024.png\" alt=\"\" class=\"wp-image-28\" srcset=\"https:\/\/markusd.es\/wp-content\/uploads\/2025\/11\/Copia-de-CONTEO-CON-IMAGENES-12-819x1024.png 819w, https:\/\/markusd.es\/wp-content\/uploads\/2025\/11\/Copia-de-CONTEO-CON-IMAGENES-12-240x300.png 240w, https:\/\/markusd.es\/wp-content\/uploads\/2025\/11\/Copia-de-CONTEO-CON-IMAGENES-12-768x960.png 768w, https:\/\/markusd.es\/wp-content\/uploads\/2025\/11\/Copia-de-CONTEO-CON-IMAGENES-12.png 1080w\" sizes=\"auto, (max-width: 819px) 100vw, 819px\" \/><\/a><\/figure>\n<\/div>\n<\/div>\n\n\n\n<h2 class=\"wp-block-heading has-accent-1-color has-text-color has-link-color wp-elements-ab53cf682f8a11ad5b8e986f31e408c6\"><strong>\ud83c\udfac MY STORY IN MOTION<\/strong><\/h2>\n\n\n\n<figure class=\"wp-block-embed is-type-video is-provider-youtube wp-block-embed-youtube wp-embed-aspect-16-9 wp-has-aspect-ratio\"><div class=\"wp-block-embed__wrapper\">\n<iframe loading=\"lazy\" title=\"Qu\u00e9 es Struendo?\" width=\"500\" height=\"281\" src=\"https:\/\/www.youtube.com\/embed\/1lf-LM8vIVA?feature=oembed\" frameborder=\"0\" allow=\"accelerometer; autoplay; clipboard-write; encrypted-media; gyroscope; picture-in-picture; web-share\" referrerpolicy=\"strict-origin-when-cross-origin\" allowfullscreen><\/iframe>\n<\/div><\/figure>\n\n\n\n<p class=\"has-accent-1-color has-text-color has-link-color wp-elements-c6dbe7db9c104462355546c175cec332\">Through this video, I invite you to discover who I am, how my passion for extreme art was born, and how each project becomes a physical and emotional challenge.<\/p>\n\n\n\n<h2 class=\"wp-block-heading has-accent-1-color has-text-color has-link-color wp-elements-104c405c5e060a8018e80e9964556c10\"><strong>\ud83d\udd25 WHAT YOU WILL DISCOVER HERE<\/strong><\/h2>\n\n\n\n<p class=\"has-accent-1-color has-text-color has-link-color wp-elements-0a60e25dcacdf83bd2cdf505a44ef2d7\">\ud83d\udc49 <strong>Extreme Art<\/strong> Artworks and performances created in challenging environments: under the sea, in the mountains, or suspended in the air.<br>\ud83d\udc49 <strong>Performance<\/strong> Live actions where painting, movement, and the environment merge.<br>\ud83d\udc49 <strong>Performing Arts<\/strong> Collaborations with dancers, actors, and musicians to create unique experiences.<br>\ud83d\udc49 <strong>Gift Objects<\/strong> Exclusive handmade artistic pieces, perfect for surprising someone.<br>\ud83d\udc49 <strong>Murals and Paintings<\/strong> -Large formats, portraits, and artworks that fill spaces with strength and color.<br>\ud83d\udc49 <strong>Craft Techniques<\/strong> -Manual work, natural materials, and authentic processes.<\/p>\n\n\n\n<h2 class=\"wp-block-heading has-accent-1-color has-text-color has-link-color wp-elements-d1cb2eb5c6d79d8e0271bf492c061ccb\"><strong>\ud83c\udf0d ART WITHOUT LIMITS<\/strong><\/h2>\n\n\n\n<p class=\"has-accent-1-color has-text-color has-link-color wp-elements-439b0a1df13bd1d2bf096d63f8633a01\">From painting five meters under the sea in Palam\u00f3s to achieve the Guinness World Record for the largest underwater painting in the world, to creating portraits of figures such as Salvador Dal\u00ed, Johan Cruyff, or \u00c1lvaro Bult\u00f3 \u2014 each artwork is an experience that combines risk, technique, and emotion.<\/p>\n\n\n\n<p class=\"has-accent-1-color has-text-color has-link-color wp-elements-ac196109a54bacdf756cb37feee5528f\">My mission is to inspire, provoke, and demonstrate that art can be born even in the most extreme environments.<\/p>\n\n\n\n<p class=\"is-style-plain has-accent-1-color has-text-color has-link-color wp-elements-40d1f96dd37541c95610c83f144fe895\"><strong>\u201cArt is not looked at \u2014 it is lived.<br>And when the body trembles, it means the artwork is alive.\u201d<\/strong><\/p>\n\n\n\n<p class=\"has-accent-1-color has-text-color has-link-color wp-elements-22b3e48b4d3510d442bded2460127b40\">\u2014 Markus D<\/p>\n\n\n\n<p class=\"has-accent-1-color has-text-color has-link-color wp-elements-14ccaf56e269ffb372a73c1d43710ab2\"><\/p>\n\n\n\n<p><\/p>\n\n\n\n<p><\/p>\n\n\n\n<p><\/p>","protected":false},"excerpt":{"rendered":"<p>Bienvenido al universo de Markus D \u2014 Arte Extremo y Experiencia Viva Sum\u00e9rgete en un mundo donde el arte se respira, se arriesga y se vive al l\u00edmite.Soy Markus D, artista de Martorell, pionero del arte extremo, conocido por realizar obras y performances en condiciones \u00fanicas: bajo el agua, en altura, y en escenarios naturales [&hellip;]<\/p>","protected":false},"author":1,"featured_media":0,"parent":0,"menu_order":0,"comment_status":"closed","ping_status":"closed","template":"","meta":{"footnotes":""},"class_list":["post-5","page","type-page","status-publish","hentry"],"yoast_head":"<!-- This site is optimized with the Yoast SEO plugin v26.3 - https:\/\/yoast.com\/wordpress\/plugins\/seo\/ -->\n<title>- markusd.es<\/title>\n<meta name=\"robots\" content=\"index, follow, max-snippet:-1, max-image-preview:large, max-video-preview:-1\" \/>\n<link rel=\"canonical\" href=\"https:\/\/markusd.es\/en\/\" \/>\n<meta property=\"og:locale\" content=\"en_US\" \/>\n<meta property=\"og:type\" content=\"article\" \/>\n<meta property=\"og:title\" content=\"- markusd.es\" \/>\n<meta property=\"og:description\" content=\"Bienvenido al universo de Markus D \u2014 Arte Extremo y Experiencia Viva Sum\u00e9rgete en un mundo donde el arte se respira, se arriesga y se vive al l\u00edmite.Soy Markus D, artista de Martorell, pionero del arte extremo, conocido por realizar obras y performances en condiciones \u00fanicas: bajo el agua, en altura, y en escenarios naturales [&hellip;]\" \/>\n<meta property=\"og:url\" content=\"https:\/\/markusd.es\/en\/\" \/>\n<meta property=\"og:site_name\" content=\"markusd.es\" \/>\n<meta property=\"article:modified_time\" content=\"2025-11-09T14:26:53+00:00\" \/>\n<meta property=\"og:image\" content=\"https:\/\/markusd.es\/wp-content\/uploads\/2025\/11\/Copia-de-CONTEO-CON-IMAGENES-7-819x1024.png\" \/>\n<meta name=\"twitter:card\" content=\"summary_large_image\" \/>\n<meta name=\"twitter:label1\" content=\"Est. reading time\" \/>\n\t<meta name=\"twitter:data1\" content=\"3 minutes\" \/>\n<script type=\"application\/ld+json\" class=\"yoast-schema-graph\">{\"@context\":\"https:\/\/schema.org\",\"@graph\":[{\"@type\":\"WebPage\",\"@id\":\"https:\/\/markusd.es\/\",\"url\":\"https:\/\/markusd.es\/\",\"name\":\"- markusd.es\",\"isPartOf\":{\"@id\":\"https:\/\/markusd.es\/#website\"},\"primaryImageOfPage\":{\"@id\":\"https:\/\/markusd.es\/#primaryimage\"},\"image\":{\"@id\":\"https:\/\/markusd.es\/#primaryimage\"},\"thumbnailUrl\":\"https:\/\/markusd.es\/wp-content\/uploads\/2025\/11\/Copia-de-CONTEO-CON-IMAGENES-7-819x1024.png\",\"datePublished\":\"2025-10-24T19:31:15+00:00\",\"dateModified\":\"2025-11-09T14:26:53+00:00\",\"inLanguage\":\"en-US\",\"potentialAction\":[{\"@type\":\"ReadAction\",\"target\":[\"https:\/\/markusd.es\/\"]}]},{\"@type\":\"ImageObject\",\"inLanguage\":\"en-US\",\"@id\":\"https:\/\/markusd.es\/#primaryimage\",\"url\":\"https:\/\/markusd.es\/wp-content\/uploads\/2025\/11\/Copia-de-CONTEO-CON-IMAGENES-7-819x1024.png\",\"contentUrl\":\"https:\/\/markusd.es\/wp-content\/uploads\/2025\/11\/Copia-de-CONTEO-CON-IMAGENES-7-819x1024.png\"},{\"@type\":\"WebSite\",\"@id\":\"https:\/\/markusd.es\/#website\",\"url\":\"https:\/\/markusd.es\/\",\"name\":\"markusd.es\",\"description\":\"\",\"potentialAction\":[{\"@type\":\"SearchAction\",\"target\":{\"@type\":\"EntryPoint\",\"urlTemplate\":\"https:\/\/markusd.es\/?s={search_term_string}\"},\"query-input\":{\"@type\":\"PropertyValueSpecification\",\"valueRequired\":true,\"valueName\":\"search_term_string\"}}],\"inLanguage\":\"en-US\"}]}<\/script>\n<!-- \/ Yoast SEO plugin. -->","yoast_head_json":{"title":"- markusd.es","robots":{"index":"index","follow":"follow","max-snippet":"max-snippet:-1","max-image-preview":"max-image-preview:large","max-video-preview":"max-video-preview:-1"},"canonical":"https:\/\/markusd.es\/en\/","og_locale":"en_US","og_type":"article","og_title":"- markusd.es","og_description":"Bienvenido al universo de Markus D \u2014 Arte Extremo y Experiencia Viva Sum\u00e9rgete en un mundo donde el arte se respira, se arriesga y se vive al l\u00edmite.Soy Markus D, artista de Martorell, pionero del arte extremo, conocido por realizar obras y performances en condiciones \u00fanicas: bajo el agua, en altura, y en escenarios naturales [&hellip;]","og_url":"https:\/\/markusd.es\/en\/","og_site_name":"markusd.es","article_modified_time":"2025-11-09T14:26:53+00:00","og_image":[{"url":"https:\/\/markusd.es\/wp-content\/uploads\/2025\/11\/Copia-de-CONTEO-CON-IMAGENES-7-819x1024.png","type":"","width":"","height":""}],"twitter_card":"summary_large_image","twitter_misc":{"Est. reading time":"3 minutes"},"schema":{"@context":"https:\/\/schema.org","@graph":[{"@type":"WebPage","@id":"https:\/\/markusd.es\/","url":"https:\/\/markusd.es\/","name":"- markusd.es","isPartOf":{"@id":"https:\/\/markusd.es\/#website"},"primaryImageOfPage":{"@id":"https:\/\/markusd.es\/#primaryimage"},"image":{"@id":"https:\/\/markusd.es\/#primaryimage"},"thumbnailUrl":"https:\/\/markusd.es\/wp-content\/uploads\/2025\/11\/Copia-de-CONTEO-CON-IMAGENES-7-819x1024.png","datePublished":"2025-10-24T19:31:15+00:00","dateModified":"2025-11-09T14:26:53+00:00","inLanguage":"en-US","potentialAction":[{"@type":"ReadAction","target":["https:\/\/markusd.es\/"]}]},{"@type":"ImageObject","inLanguage":"en-US","@id":"https:\/\/markusd.es\/#primaryimage","url":"https:\/\/markusd.es\/wp-content\/uploads\/2025\/11\/Copia-de-CONTEO-CON-IMAGENES-7-819x1024.png","contentUrl":"https:\/\/markusd.es\/wp-content\/uploads\/2025\/11\/Copia-de-CONTEO-CON-IMAGENES-7-819x1024.png"},{"@type":"WebSite","@id":"https:\/\/markusd.es\/#website","url":"https:\/\/markusd.es\/","name":"markusd.es","description":"","potentialAction":[{"@type":"SearchAction","target":{"@type":"EntryPoint","urlTemplate":"https:\/\/markusd.es\/?s={search_term_string}"},"query-input":{"@type":"PropertyValueSpecification","valueRequired":true,"valueName":"search_term_string"}}],"inLanguage":"en-US"}]}},"_hostinger_reach_plugin_has_subscription_block":false,"_hostinger_reach_plugin_is_elementor":false,"_links":{"self":[{"href":"https:\/\/markusd.es\/en\/wp-json\/wp\/v2\/pages\/5","targetHints":{"allow":["GET"]}}],"collection":[{"href":"https:\/\/markusd.es\/en\/wp-json\/wp\/v2\/pages"}],"about":[{"href":"https:\/\/markusd.es\/en\/wp-json\/wp\/v2\/types\/page"}],"author":[{"embeddable":true,"href":"https:\/\/markusd.es\/en\/wp-json\/wp\/v2\/users\/1"}],"replies":[{"embeddable":true,"href":"https:\/\/markusd.es\/en\/wp-json\/wp\/v2\/comments?post=5"}],"version-history":[{"count":29,"href":"https:\/\/markusd.es\/en\/wp-json\/wp\/v2\/pages\/5\/revisions"}],"predecessor-version":[{"id":393,"href":"https:\/\/markusd.es\/en\/wp-json\/wp\/v2\/pages\/5\/revisions\/393"}],"wp:attachment":[{"href":"https:\/\/markusd.es\/en\/wp-json\/wp\/v2\/media?parent=5"}],"curies":[{"name":"wp","href":"https:\/\/api.w.org\/{rel}","templated":true}]}}