{"id":364,"date":"2025-11-09T14:00:21","date_gmt":"2025-11-09T14:00:21","guid":{"rendered":"https:\/\/markusd.es\/?page_id=364"},"modified":"2025-11-09T14:30:03","modified_gmt":"2025-11-09T14:30:03","slug":"politica-de-cookies","status":"publish","type":"page","link":"https:\/\/markusd.es\/en\/politica-de-cookies\/","title":{"rendered":""},"content":{"rendered":"<nav class=\"has-text-color has-accent-1-color has-background has-contrast-background-color is-responsive items-justified-center wp-block-navigation is-content-justification-center is-layout-flex wp-container-core-navigation-is-layout-a89b3969 wp-block-navigation-is-layout-flex\" aria-label=\"Men\u00fa\" \n\t\t data-wp-interactive=\"core\/navigation\" data-wp-context='{\"overlayOpenedBy\":{\"click\":false,\"hover\":false,\"focus\":false},\"type\":\"overlay\",\"roleAttribute\":\"\",\"ariaLabel\":\"Menu\"}'><button aria-haspopup=\"dialog\" aria-label=\"Open menu\" class=\"wp-block-navigation__responsive-container-open\" \n\t\t\t\tdata-wp-on-async--click=\"actions.openMenuOnClick\"\n\t\t\t\tdata-wp-on--keydown=\"actions.handleMenuKeydown\"\n\t\t\t><svg width=\"24\" height=\"24\" xmlns=\"http:\/\/www.w3.org\/2000\/svg\" viewbox=\"0 0 24 24\"><path d=\"M5 5v1.5h14V5H5zm0 7.8h14v-1.5H5v1.5zM5 19h14v-1.5H5V19z\" \/><\/svg><\/button>\n\t\t\t\t<div class=\"wp-block-navigation__responsive-container\"  id=\"modal-1\" \n\t\t\t\tdata-wp-class--has-modal-open=\"state.isMenuOpen\"\n\t\t\t\tdata-wp-class--is-menu-open=\"state.isMenuOpen\"\n\t\t\t\tdata-wp-watch=\"callbacks.initMenu\"\n\t\t\t\tdata-wp-on--keydown=\"actions.handleMenuKeydown\"\n\t\t\t\tdata-wp-on-async--focusout=\"actions.handleMenuFocusout\"\n\t\t\t\ttabindex=\"-1\"\n\t\t\t>\n\t\t\t\t\t<div class=\"wp-block-navigation__responsive-close\" tabindex=\"-1\">\n\t\t\t\t\t\t<div class=\"wp-block-navigation__responsive-dialog\" \n\t\t\t\tdata-wp-bind--aria-modal=\"state.ariaModal\"\n\t\t\t\tdata-wp-bind--aria-label=\"state.ariaLabel\"\n\t\t\t\tdata-wp-bind--role=\"state.roleAttribute\"\n\t\t\t>\n\t\t\t\t\t\t\t<button aria-label=\"Close menu\" class=\"wp-block-navigation__responsive-container-close\" \n\t\t\t\tdata-wp-on-async--click=\"actions.closeMenuOnClick\"\n\t\t\t><svg xmlns=\"http:\/\/www.w3.org\/2000\/svg\" viewbox=\"0 0 24 24\" width=\"24\" height=\"24\" aria-hidden=\"true\" focusable=\"false\"><path d=\"m13.06 12 6.47-6.47-1.06-1.06L12 10.94 5.53 4.47 4.47 5.53 10.94 12l-6.47 6.47 1.06 1.06L12 13.06l6.47 6.47 1.06-1.06L13.06 12Z\"><\/path><\/svg><\/button>\n\t\t\t\t\t\t\t<div class=\"wp-block-navigation__responsive-container-content\" \n\t\t\t\tdata-wp-watch=\"callbacks.focusFirstElement\"\n\t\t\t id=\"modal-1-content\">\n\t\t\t\t\t\t\t\t<ul class=\"wp-block-navigation__container has-text-color has-accent-1-color has-background has-contrast-background-color is-responsive items-justified-center wp-block-navigation\"><li class=\"wp-block-navigation-item wp-block-navigation-link has-large-font-size\"><a class=\"wp-block-navigation-item__content\"  href=\"https:\/\/markusd.es\/en\/arte-extremo\/\"><span class=\"wp-block-navigation-item__label\">Arte Extremo<\/span><\/a><\/li><li class=\"wp-block-navigation-item wp-block-navigation-link has-large-font-size\"><a class=\"wp-block-navigation-item__content\"  href=\"https:\/\/markusd.es\/en\/performance\/\"><span class=\"wp-block-navigation-item__label\">Performance<\/span><\/a><\/li><li class=\"wp-block-navigation-item wp-block-navigation-link has-large-font-size\"><a class=\"wp-block-navigation-item__content\"  href=\"https:\/\/markusd.es\/en\/artes-escenicas\/\"><span class=\"wp-block-navigation-item__label\">Performing Arts<\/span><\/a><\/li><li class=\"wp-block-navigation-item wp-block-navigation-link has-large-font-size\"><a class=\"wp-block-navigation-item__content\"  href=\"https:\/\/markusd.es\/en\/objetos-regalo\/\"><span class=\"wp-block-navigation-item__label\">Objetos Regalo<\/span><\/a><\/li><li class=\"wp-block-navigation-item wp-block-navigation-link has-large-font-size\"><a class=\"wp-block-navigation-item__content\"  href=\"https:\/\/markusd.es\/en\/murales-y-cuadros\/\"><span class=\"wp-block-navigation-item__label\">Murales y Cuadros<\/span><\/a><\/li><li class=\"wp-block-navigation-item wp-block-navigation-link has-large-font-size\"><a class=\"wp-block-navigation-item__content\"  href=\"https:\/\/markusd.es\/en\/tecnicas-artesanales\/\"><span class=\"wp-block-navigation-item__label\">T\u00e9cnicas Artesanales<\/span><\/a><\/li><\/ul>\n\t\t\t\t\t\t\t<\/div>\n\t\t\t\t\t\t<\/div>\n\t\t\t\t\t<\/div>\n\t\t\t\t<\/div><\/nav>\n\n\n<h2 class=\"wp-block-heading has-accent-1-color has-text-color has-link-color wp-elements-306e393094bea496e424ccac11400884\">\ud83d\udfe1 <strong>Pol\u00edtica de Cookies \u2013 Marc Armengol \/ Markus D<\/strong><\/h2>\n\n\n\n<h3 class=\"wp-block-heading has-accent-1-color has-text-color has-link-color wp-elements-e20ec3cf0aa5191cddd3018b677f3ed5\"><strong>Qu\u00e9 son las cookies<\/strong><\/h3>\n\n\n\n<div class=\"wp-block-group has-accent-1-color has-text-color has-link-color wp-elements-b22b7a1f415595f2c15544bb7522e4fa has-global-padding is-layout-constrained wp-block-group-is-layout-constrained\">\n<p>Las cookies son archivos peque\u00f1os que se descargan en tu dispositivo al acceder a esta web.<br>Permiten mejorar la experiencia de usuario, analizar el tr\u00e1fico y mostrar contenido adaptado a tus intereses.<\/p>\n\n\n\n<hr class=\"wp-block-separator has-alpha-channel-opacity\"\/>\n\n\n\n<h3 class=\"wp-block-heading\"><strong>Tipos de cookies que usamos<\/strong><\/h3>\n\n\n\n<ol class=\"wp-block-list\">\n<li><strong>Cookies t\u00e9cnicas y funcionales<\/strong>\n<ul class=\"wp-block-list\">\n<li>Necesarias para el funcionamiento de la web.<\/li>\n\n\n\n<li>Permiten navegar, acceder a secciones privadas y recordar tus preferencias.<\/li>\n<\/ul>\n<\/li>\n\n\n\n<li><strong>Cookies de an\u00e1lisis<\/strong>\n<ul class=\"wp-block-list\">\n<li>Recopilan informaci\u00f3n sobre el uso de la web (p\u00e1ginas visitadas, tiempo de navegaci\u00f3n).<\/li>\n\n\n\n<li>Ejemplo: estad\u00edsticas de WordPress o Google Analytics.<\/li>\n<\/ul>\n<\/li>\n\n\n\n<li><strong>Cookies de terceros \/ incrustaciones<\/strong>\n<ul class=\"wp-block-list\">\n<li>Para mostrar v\u00eddeos de YouTube, Instagram o TikTok directamente en la web.<\/li>\n\n\n\n<li>Estas cookies permiten reproducir el contenido y adaptarlo a tu dispositivo.<\/li>\n<\/ul>\n<\/li>\n\n\n\n<li><strong>Cookies de publicidad (opcional)<\/strong>\n<ul class=\"wp-block-list\">\n<li>Si se usan anuncios o promociones externas, estas cookies permiten mostrar contenido relevante seg\u00fan intereses.<\/li>\n<\/ul>\n<\/li>\n<\/ol>\n<\/div>\n\n\n\n<hr class=\"wp-block-separator has-alpha-channel-opacity\"\/>\n\n\n\n<div class=\"wp-block-group has-accent-1-color has-text-color has-link-color wp-elements-a9807184748820d36c747fa2f4ae013b has-global-padding is-layout-constrained wp-block-group-is-layout-constrained\">\n<h3 class=\"wp-block-heading\"><strong>Gesti\u00f3n y desactivaci\u00f3n de cookies<\/strong><\/h3>\n\n\n\n<p>Puedes configurar tu navegador para <strong>rechazar todas las cookies<\/strong>, eliminar las existentes o recibir aviso cuando se instalen:<\/p>\n\n\n\n<ul class=\"wp-block-list\">\n<li>Chrome: chrome:\/\/settings\/content\/cookies<\/li>\n\n\n\n<li>Firefox: about:preferences#privacy<\/li>\n\n\n\n<li>Edge: edge:\/\/settings\/content\/cookies<\/li>\n\n\n\n<li>Safari: Preferencias \u2192 Privacidad \u2192 Gestionar cookies<\/li>\n<\/ul>\n\n\n\n<p><strong>Atenci\u00f3n:<\/strong> si desactivas las cookies t\u00e9cnicas, algunas funcionalidades de la web podr\u00edan dejar de funcionar correctamente.<\/p>\n\n\n\n<hr class=\"wp-block-separator has-alpha-channel-opacity\"\/>\n\n\n\n<h3 class=\"wp-block-heading\"><strong>Consentimiento<\/strong><\/h3>\n\n\n\n<p>Al continuar navegando por esta web, aceptas el uso de cookies.<br>Para controlar tu consentimiento, se recomienda usar el <strong>banner de cookies<\/strong> de WordPress (Plugins como <strong>Complianz<\/strong> o <strong>Cookie Notice<\/strong>).<\/p>\n\n\n\n<hr class=\"wp-block-separator has-alpha-channel-opacity\"\/>\n\n\n\n<h3 class=\"wp-block-heading\"><strong>Modificaciones de la pol\u00edtica de cookies<\/strong><\/h3>\n\n\n\n<p>Marc Armengol se reserva el derecho de modificar esta pol\u00edtica para adaptarla a cambios legales o t\u00e9cnicos.<br>Los cambios se publicar\u00e1n en esta misma p\u00e1gina.<\/p>\n<\/div>","protected":false},"excerpt":{"rendered":"<p>\ud83d\udfe1 Pol\u00edtica de Cookies \u2013 Marc Armengol \/ Markus D Qu\u00e9 son las cookies Las cookies son archivos peque\u00f1os que se descargan en tu dispositivo al acceder a esta web.Permiten mejorar la experiencia de usuario, analizar el tr\u00e1fico y mostrar contenido adaptado a tus intereses. Tipos de cookies que usamos Gesti\u00f3n y desactivaci\u00f3n de cookies [&hellip;]<\/p>","protected":false},"author":1,"featured_media":0,"parent":0,"menu_order":0,"comment_status":"closed","ping_status":"closed","template":"","meta":{"footnotes":""},"class_list":["post-364","page","type-page","status-publish","hentry"],"yoast_head":"<!-- This site is optimized with the Yoast SEO plugin v26.3 - https:\/\/yoast.com\/wordpress\/plugins\/seo\/ -->\n<title>- markusd.es<\/title>\n<meta name=\"robots\" content=\"index, nofollow, max-snippet:-1, max-image-preview:large, max-video-preview:-1\" \/>\n<link rel=\"canonical\" href=\"https:\/\/markusd.es\/en\/politica-de-cookies\/\" \/>\n<meta property=\"og:locale\" content=\"en_US\" \/>\n<meta property=\"og:type\" content=\"article\" \/>\n<meta property=\"og:title\" content=\"- markusd.es\" \/>\n<meta property=\"og:description\" content=\"\ud83d\udfe1 Pol\u00edtica de Cookies \u2013 Marc Armengol \/ Markus D Qu\u00e9 son las cookies Las cookies son archivos peque\u00f1os que se descargan en tu dispositivo al acceder a esta web.Permiten mejorar la experiencia de usuario, analizar el tr\u00e1fico y mostrar contenido adaptado a tus intereses. Tipos de cookies que usamos Gesti\u00f3n y desactivaci\u00f3n de cookies [&hellip;]\" \/>\n<meta property=\"og:url\" content=\"https:\/\/markusd.es\/en\/politica-de-cookies\/\" \/>\n<meta property=\"og:site_name\" content=\"markusd.es\" \/>\n<meta property=\"article:modified_time\" content=\"2025-11-09T14:30:03+00:00\" \/>\n<meta name=\"twitter:card\" content=\"summary_large_image\" \/>\n<meta name=\"twitter:label1\" content=\"Est. reading time\" \/>\n\t<meta name=\"twitter:data1\" content=\"2 minutes\" \/>\n<script type=\"application\/ld+json\" class=\"yoast-schema-graph\">{\"@context\":\"https:\/\/schema.org\",\"@graph\":[{\"@type\":\"WebPage\",\"@id\":\"https:\/\/markusd.es\/politica-de-cookies\/\",\"url\":\"https:\/\/markusd.es\/politica-de-cookies\/\",\"name\":\"- markusd.es\",\"isPartOf\":{\"@id\":\"https:\/\/markusd.es\/#website\"},\"datePublished\":\"2025-11-09T14:00:21+00:00\",\"dateModified\":\"2025-11-09T14:30:03+00:00\",\"inLanguage\":\"en-US\",\"potentialAction\":[{\"@type\":\"ReadAction\",\"target\":[\"https:\/\/markusd.es\/politica-de-cookies\/\"]}]},{\"@type\":\"WebSite\",\"@id\":\"https:\/\/markusd.es\/#website\",\"url\":\"https:\/\/markusd.es\/\",\"name\":\"markusd.es\",\"description\":\"\",\"potentialAction\":[{\"@type\":\"SearchAction\",\"target\":{\"@type\":\"EntryPoint\",\"urlTemplate\":\"https:\/\/markusd.es\/?s={search_term_string}\"},\"query-input\":{\"@type\":\"PropertyValueSpecification\",\"valueRequired\":true,\"valueName\":\"search_term_string\"}}],\"inLanguage\":\"en-US\"}]}<\/script>\n<!-- \/ Yoast SEO plugin. -->","yoast_head_json":{"title":"- markusd.es","robots":{"index":"index","follow":"nofollow","max-snippet":"max-snippet:-1","max-image-preview":"max-image-preview:large","max-video-preview":"max-video-preview:-1"},"canonical":"https:\/\/markusd.es\/en\/politica-de-cookies\/","og_locale":"en_US","og_type":"article","og_title":"- markusd.es","og_description":"\ud83d\udfe1 Pol\u00edtica de Cookies \u2013 Marc Armengol \/ Markus D Qu\u00e9 son las cookies Las cookies son archivos peque\u00f1os que se descargan en tu dispositivo al acceder a esta web.Permiten mejorar la experiencia de usuario, analizar el tr\u00e1fico y mostrar contenido adaptado a tus intereses. Tipos de cookies que usamos Gesti\u00f3n y desactivaci\u00f3n de cookies [&hellip;]","og_url":"https:\/\/markusd.es\/en\/politica-de-cookies\/","og_site_name":"markusd.es","article_modified_time":"2025-11-09T14:30:03+00:00","twitter_card":"summary_large_image","twitter_misc":{"Est. reading time":"2 minutes"},"schema":{"@context":"https:\/\/schema.org","@graph":[{"@type":"WebPage","@id":"https:\/\/markusd.es\/politica-de-cookies\/","url":"https:\/\/markusd.es\/politica-de-cookies\/","name":"- markusd.es","isPartOf":{"@id":"https:\/\/markusd.es\/#website"},"datePublished":"2025-11-09T14:00:21+00:00","dateModified":"2025-11-09T14:30:03+00:00","inLanguage":"en-US","potentialAction":[{"@type":"ReadAction","target":["https:\/\/markusd.es\/politica-de-cookies\/"]}]},{"@type":"WebSite","@id":"https:\/\/markusd.es\/#website","url":"https:\/\/markusd.es\/","name":"markusd.es","description":"","potentialAction":[{"@type":"SearchAction","target":{"@type":"EntryPoint","urlTemplate":"https:\/\/markusd.es\/?s={search_term_string}"},"query-input":{"@type":"PropertyValueSpecification","valueRequired":true,"valueName":"search_term_string"}}],"inLanguage":"en-US"}]}},"_hostinger_reach_plugin_has_subscription_block":false,"_hostinger_reach_plugin_is_elementor":false,"_links":{"self":[{"href":"https:\/\/markusd.es\/en\/wp-json\/wp\/v2\/pages\/364","targetHints":{"allow":["GET"]}}],"collection":[{"href":"https:\/\/markusd.es\/en\/wp-json\/wp\/v2\/pages"}],"about":[{"href":"https:\/\/markusd.es\/en\/wp-json\/wp\/v2\/types\/page"}],"author":[{"embeddable":true,"href":"https:\/\/markusd.es\/en\/wp-json\/wp\/v2\/users\/1"}],"replies":[{"embeddable":true,"href":"https:\/\/markusd.es\/en\/wp-json\/wp\/v2\/comments?post=364"}],"version-history":[{"count":4,"href":"https:\/\/markusd.es\/en\/wp-json\/wp\/v2\/pages\/364\/revisions"}],"predecessor-version":[{"id":402,"href":"https:\/\/markusd.es\/en\/wp-json\/wp\/v2\/pages\/364\/revisions\/402"}],"wp:attachment":[{"href":"https:\/\/markusd.es\/en\/wp-json\/wp\/v2\/media?parent=364"}],"curies":[{"name":"wp","href":"https:\/\/api.w.org\/{rel}","templated":true}]}}