{"id":355,"date":"2025-11-09T13:51:58","date_gmt":"2025-11-09T13:51:58","guid":{"rendered":"https:\/\/markusd.es\/?page_id=355"},"modified":"2025-11-09T14:29:36","modified_gmt":"2025-11-09T14:29:36","slug":"politica-de-privacidad","status":"publish","type":"page","link":"https:\/\/markusd.es\/en\/politica-de-privacidad\/","title":{"rendered":""},"content":{"rendered":"<div class=\"wp-block-group has-accent-1-color has-text-color has-link-color wp-elements-fb657069f6039d6e34f78012c4e18191 has-global-padding is-layout-constrained wp-block-group-is-layout-constrained\"><nav class=\"has-text-color has-accent-1-color has-background has-contrast-background-color is-responsive items-justified-center wp-block-navigation is-content-justification-center is-layout-flex wp-container-core-navigation-is-layout-a89b3969 wp-block-navigation-is-layout-flex\" aria-label=\"Men\u00fa\" \n\t\t data-wp-interactive=\"core\/navigation\" data-wp-context='{\"overlayOpenedBy\":{\"click\":false,\"hover\":false,\"focus\":false},\"type\":\"overlay\",\"roleAttribute\":\"\",\"ariaLabel\":\"Menu\"}'><button aria-haspopup=\"dialog\" aria-label=\"Open menu\" class=\"wp-block-navigation__responsive-container-open\" \n\t\t\t\tdata-wp-on-async--click=\"actions.openMenuOnClick\"\n\t\t\t\tdata-wp-on--keydown=\"actions.handleMenuKeydown\"\n\t\t\t><svg width=\"24\" height=\"24\" xmlns=\"http:\/\/www.w3.org\/2000\/svg\" viewbox=\"0 0 24 24\"><path d=\"M5 5v1.5h14V5H5zm0 7.8h14v-1.5H5v1.5zM5 19h14v-1.5H5V19z\" \/><\/svg><\/button>\n\t\t\t\t<div class=\"wp-block-navigation__responsive-container\"  id=\"modal-1\" \n\t\t\t\tdata-wp-class--has-modal-open=\"state.isMenuOpen\"\n\t\t\t\tdata-wp-class--is-menu-open=\"state.isMenuOpen\"\n\t\t\t\tdata-wp-watch=\"callbacks.initMenu\"\n\t\t\t\tdata-wp-on--keydown=\"actions.handleMenuKeydown\"\n\t\t\t\tdata-wp-on-async--focusout=\"actions.handleMenuFocusout\"\n\t\t\t\ttabindex=\"-1\"\n\t\t\t>\n\t\t\t\t\t<div class=\"wp-block-navigation__responsive-close\" tabindex=\"-1\">\n\t\t\t\t\t\t<div class=\"wp-block-navigation__responsive-dialog\" \n\t\t\t\tdata-wp-bind--aria-modal=\"state.ariaModal\"\n\t\t\t\tdata-wp-bind--aria-label=\"state.ariaLabel\"\n\t\t\t\tdata-wp-bind--role=\"state.roleAttribute\"\n\t\t\t>\n\t\t\t\t\t\t\t<button aria-label=\"Close menu\" class=\"wp-block-navigation__responsive-container-close\" \n\t\t\t\tdata-wp-on-async--click=\"actions.closeMenuOnClick\"\n\t\t\t><svg xmlns=\"http:\/\/www.w3.org\/2000\/svg\" viewbox=\"0 0 24 24\" width=\"24\" height=\"24\" aria-hidden=\"true\" focusable=\"false\"><path d=\"m13.06 12 6.47-6.47-1.06-1.06L12 10.94 5.53 4.47 4.47 5.53 10.94 12l-6.47 6.47 1.06 1.06L12 13.06l6.47 6.47 1.06-1.06L13.06 12Z\"><\/path><\/svg><\/button>\n\t\t\t\t\t\t\t<div class=\"wp-block-navigation__responsive-container-content\" \n\t\t\t\tdata-wp-watch=\"callbacks.focusFirstElement\"\n\t\t\t id=\"modal-1-content\">\n\t\t\t\t\t\t\t\t<ul class=\"wp-block-navigation__container has-text-color has-accent-1-color has-background has-contrast-background-color is-responsive items-justified-center wp-block-navigation\"><li class=\"wp-block-navigation-item wp-block-navigation-link has-large-font-size\"><a class=\"wp-block-navigation-item__content\"  href=\"https:\/\/markusd.es\/en\/arte-extremo\/\"><span class=\"wp-block-navigation-item__label\">Arte Extremo<\/span><\/a><\/li><li class=\"wp-block-navigation-item wp-block-navigation-link has-large-font-size\"><a class=\"wp-block-navigation-item__content\"  href=\"https:\/\/markusd.es\/en\/performance\/\"><span class=\"wp-block-navigation-item__label\">Performance<\/span><\/a><\/li><li class=\"wp-block-navigation-item wp-block-navigation-link has-large-font-size\"><a class=\"wp-block-navigation-item__content\"  href=\"https:\/\/markusd.es\/en\/artes-escenicas\/\"><span class=\"wp-block-navigation-item__label\">Performing Arts<\/span><\/a><\/li><li class=\"wp-block-navigation-item wp-block-navigation-link has-large-font-size\"><a class=\"wp-block-navigation-item__content\"  href=\"https:\/\/markusd.es\/en\/objetos-regalo\/\"><span class=\"wp-block-navigation-item__label\">Objetos Regalo<\/span><\/a><\/li><li class=\"wp-block-navigation-item wp-block-navigation-link has-large-font-size\"><a class=\"wp-block-navigation-item__content\"  href=\"https:\/\/markusd.es\/en\/murales-y-cuadros\/\"><span class=\"wp-block-navigation-item__label\">Murales y Cuadros<\/span><\/a><\/li><li class=\"wp-block-navigation-item wp-block-navigation-link has-large-font-size\"><a class=\"wp-block-navigation-item__content\"  href=\"https:\/\/markusd.es\/en\/tecnicas-artesanales\/\"><span class=\"wp-block-navigation-item__label\">T\u00e9cnicas Artesanales<\/span><\/a><\/li><\/ul>\n\t\t\t\t\t\t\t<\/div>\n\t\t\t\t\t\t<\/div>\n\t\t\t\t\t<\/div>\n\t\t\t\t<\/div><\/nav>\n\n\n<h2 class=\"wp-block-heading\">\ud83d\udfe1 <strong>Pol\u00edtica de Privacidad \u2013 Marc Armengol \/ Markus D<\/strong><\/h2>\n\n\n\n<h3 class=\"wp-block-heading\"><strong>Protecci\u00f3n de datos personales<\/strong><\/h3>\n\n\n\n<p>En cumplimiento del Reglamento General de Protecci\u00f3n de Datos (RGPD) y la Ley Org\u00e1nica 3\/2018 de Protecci\u00f3n de Datos Personales y garant\u00eda de derechos digitales, te informamos que los datos personales que facilites a trav\u00e9s de esta web ser\u00e1n tratados de forma <strong>confidencial y segura<\/strong>.<\/p>\n\n\n\n<hr class=\"wp-block-separator has-alpha-channel-opacity\"\/>\n\n\n\n<h2 class=\"wp-block-heading\"><strong>Titular del tratamiento<\/strong><\/h2>\n\n\n\n<p><strong>Nombre:<\/strong> Marc Armengol (Markus D)<br><strong>Direcci\u00f3n:<\/strong> Martorell, Barcelona, Espa\u00f1a<br><strong>Correo electr\u00f3nico:<\/strong> <a href=\"mailto:marcarmengol1212@gmail.com\">marcarmengol1212@gmail.com<\/a><\/p>\n<\/div>\n\n\n\n<hr class=\"wp-block-separator has-alpha-channel-opacity\"\/>\n\n\n\n<h2 class=\"wp-block-heading has-accent-1-color has-text-color has-link-color wp-elements-c890f99dadbb0304fd42deffcfaddc38\"><strong>Finalidad del tratamiento<\/strong><\/h2>\n\n\n\n<div class=\"wp-block-group has-global-padding is-layout-constrained wp-block-group-is-layout-constrained\">\n<div class=\"wp-block-group has-accent-1-color has-text-color has-link-color wp-elements-43b6cc3d499aa2ee4870e32acc357674 has-global-padding is-layout-constrained wp-block-group-is-layout-constrained\">\n<p>Los datos recogidos a trav\u00e9s del formulario de contacto o por correo electr\u00f3nico ser\u00e1n utilizados exclusivamente para:<\/p>\n\n\n\n<ul class=\"wp-block-list\">\n<li>Responder consultas, dudas o solicitudes de informaci\u00f3n<\/li>\n\n\n\n<li>Gestionar encargos de obra o colaboraciones art\u00edsticas<\/li>\n\n\n\n<li>Enviar informaci\u00f3n sobre exposiciones, eventos o proyectos (si previamente lo autorizas)<\/li>\n<\/ul>\n\n\n\n<hr class=\"wp-block-separator has-alpha-channel-opacity\"\/>\n\n\n\n<h2 class=\"wp-block-heading\"><strong>Legitimaci\u00f3n<\/strong><\/h2>\n\n\n\n<p>El tratamiento de tus datos se basa en <strong>tu consentimiento expl\u00edcito<\/strong> al enviarlos a trav\u00e9s del formulario o correo electr\u00f3nico.<\/p>\n\n\n\n<hr class=\"wp-block-separator has-alpha-channel-opacity\"\/>\n\n\n\n<h2 class=\"wp-block-heading\"><strong>Destinatarios<\/strong><\/h2>\n\n\n\n<p>Tus datos <strong>no ser\u00e1n cedidos a terceros<\/strong> salvo obligaci\u00f3n legal.<br>El responsable del tratamiento es el propio titular de la web: Marc Armengol.<\/p>\n\n\n\n<hr class=\"wp-block-separator has-alpha-channel-opacity\"\/>\n\n\n\n<h3 class=\"wp-block-heading\"><strong>Derechos de los usuarios<\/strong><\/h3>\n\n\n\n<p>Tienes derecho a:<\/p>\n\n\n\n<ul class=\"wp-block-list\">\n<li><strong>Acceder<\/strong> a tus datos personales<\/li>\n\n\n\n<li><strong>Rectificar<\/strong> datos inexactos o incompletos<\/li>\n\n\n\n<li><strong>Solicitar la supresi\u00f3n<\/strong> de tus datos<\/li>\n\n\n\n<li><strong>Limitar u oponerte<\/strong> al tratamiento<\/li>\n\n\n\n<li><strong>Solicitar la portabilidad<\/strong> de tus datos<\/li>\n\n\n\n<li><strong>Retirar el consentimiento<\/strong> en cualquier momento<\/li>\n<\/ul>\n\n\n\n<p>Para ejercer estos derechos, puedes enviar un correo a:<br>\ud83d\udce7 <strong><a href=\"mailto:marcarmengol1212@gmail.com\">marcarmengol1212@gmail.com<\/a><\/strong><\/p>\n\n\n\n<hr class=\"wp-block-separator has-alpha-channel-opacity\"\/>\n\n\n\n<h3 class=\"wp-block-heading\"><strong>Conservaci\u00f3n de los datos<\/strong><\/h3>\n\n\n\n<p>Los datos se conservar\u00e1n <strong>solo durante el tiempo necesario<\/strong> para cumplir con la finalidad indicada, y posteriormente ser\u00e1n eliminados de manera segura.<\/p>\n\n\n\n<hr class=\"wp-block-separator has-alpha-channel-opacity\"\/>\n\n\n\n<h3 class=\"wp-block-heading\"><strong>Seguridad de los datos<\/strong><\/h3>\n\n\n\n<p>Se aplican medidas t\u00e9cnicas y organizativas para proteger tus datos frente a p\u00e9rdida, uso indebido, acceso no autorizado o divulgaci\u00f3n.<\/p>\n\n\n\n<hr class=\"wp-block-separator has-alpha-channel-opacity\"\/>\n\n\n\n<h3 class=\"wp-block-heading\"><strong>Menores de edad<\/strong><\/h3>\n\n\n\n<p>Esta web <strong>no est\u00e1 dirigida a menores<\/strong> y no se recopilan datos personales de menores de 14 a\u00f1os. Si se detecta que se han facilitado datos de menores sin consentimiento, se proceder\u00e1 a su eliminaci\u00f3n inmediata.<\/p>\n\n\n\n<hr class=\"wp-block-separator has-alpha-channel-opacity\"\/>\n\n\n\n<h3 class=\"wp-block-heading\"><strong>Cambios en la pol\u00edtica<\/strong><\/h3>\n\n\n\n<p>Marc Armengol se reserva el derecho de modificar esta pol\u00edtica para adaptarla a novedades legales o mejoras de la web.<br>Cualquier cambio se publicar\u00e1 en esta misma secci\u00f3n.<\/p>\n<\/div>\n<\/div>","protected":false},"excerpt":{"rendered":"<p>\ud83d\udfe1 Pol\u00edtica de Privacidad \u2013 Marc Armengol \/ Markus D Protecci\u00f3n de datos personales En cumplimiento del Reglamento General de Protecci\u00f3n de Datos (RGPD) y la Ley Org\u00e1nica 3\/2018 de Protecci\u00f3n de Datos Personales y garant\u00eda de derechos digitales, te informamos que los datos personales que facilites a trav\u00e9s de esta web ser\u00e1n tratados de [&hellip;]<\/p>","protected":false},"author":1,"featured_media":0,"parent":0,"menu_order":0,"comment_status":"closed","ping_status":"closed","template":"","meta":{"footnotes":""},"class_list":["post-355","page","type-page","status-publish","hentry"],"yoast_head":"<!-- This site is optimized with the Yoast SEO plugin v26.3 - https:\/\/yoast.com\/wordpress\/plugins\/seo\/ -->\n<title>- markusd.es<\/title>\n<meta name=\"robots\" content=\"index, nofollow, max-snippet:-1, max-image-preview:large, max-video-preview:-1\" \/>\n<link rel=\"canonical\" href=\"https:\/\/markusd.es\/en\/politica-de-privacidad\/\" \/>\n<meta property=\"og:locale\" content=\"en_US\" \/>\n<meta property=\"og:type\" content=\"article\" \/>\n<meta property=\"og:title\" content=\"- markusd.es\" \/>\n<meta property=\"og:description\" content=\"\ud83d\udfe1 Pol\u00edtica de Privacidad \u2013 Marc Armengol \/ Markus D Protecci\u00f3n de datos personales En cumplimiento del Reglamento General de Protecci\u00f3n de Datos (RGPD) y la Ley Org\u00e1nica 3\/2018 de Protecci\u00f3n de Datos Personales y garant\u00eda de derechos digitales, te informamos que los datos personales que facilites a trav\u00e9s de esta web ser\u00e1n tratados de [&hellip;]\" \/>\n<meta property=\"og:url\" content=\"https:\/\/markusd.es\/en\/politica-de-privacidad\/\" \/>\n<meta property=\"og:site_name\" content=\"markusd.es\" \/>\n<meta property=\"article:modified_time\" content=\"2025-11-09T14:29:36+00:00\" \/>\n<meta name=\"twitter:card\" content=\"summary_large_image\" \/>\n<meta name=\"twitter:label1\" content=\"Est. reading time\" \/>\n\t<meta name=\"twitter:data1\" content=\"2 minutes\" \/>\n<script type=\"application\/ld+json\" class=\"yoast-schema-graph\">{\"@context\":\"https:\/\/schema.org\",\"@graph\":[{\"@type\":\"WebPage\",\"@id\":\"https:\/\/markusd.es\/politica-de-privacidad\/\",\"url\":\"https:\/\/markusd.es\/politica-de-privacidad\/\",\"name\":\"- markusd.es\",\"isPartOf\":{\"@id\":\"https:\/\/markusd.es\/#website\"},\"datePublished\":\"2025-11-09T13:51:58+00:00\",\"dateModified\":\"2025-11-09T14:29:36+00:00\",\"inLanguage\":\"en-US\",\"potentialAction\":[{\"@type\":\"ReadAction\",\"target\":[\"https:\/\/markusd.es\/politica-de-privacidad\/\"]}]},{\"@type\":\"WebSite\",\"@id\":\"https:\/\/markusd.es\/#website\",\"url\":\"https:\/\/markusd.es\/\",\"name\":\"markusd.es\",\"description\":\"\",\"potentialAction\":[{\"@type\":\"SearchAction\",\"target\":{\"@type\":\"EntryPoint\",\"urlTemplate\":\"https:\/\/markusd.es\/?s={search_term_string}\"},\"query-input\":{\"@type\":\"PropertyValueSpecification\",\"valueRequired\":true,\"valueName\":\"search_term_string\"}}],\"inLanguage\":\"en-US\"}]}<\/script>\n<!-- \/ Yoast SEO plugin. -->","yoast_head_json":{"title":"- markusd.es","robots":{"index":"index","follow":"nofollow","max-snippet":"max-snippet:-1","max-image-preview":"max-image-preview:large","max-video-preview":"max-video-preview:-1"},"canonical":"https:\/\/markusd.es\/en\/politica-de-privacidad\/","og_locale":"en_US","og_type":"article","og_title":"- markusd.es","og_description":"\ud83d\udfe1 Pol\u00edtica de Privacidad \u2013 Marc Armengol \/ Markus D Protecci\u00f3n de datos personales En cumplimiento del Reglamento General de Protecci\u00f3n de Datos (RGPD) y la Ley Org\u00e1nica 3\/2018 de Protecci\u00f3n de Datos Personales y garant\u00eda de derechos digitales, te informamos que los datos personales que facilites a trav\u00e9s de esta web ser\u00e1n tratados de [&hellip;]","og_url":"https:\/\/markusd.es\/en\/politica-de-privacidad\/","og_site_name":"markusd.es","article_modified_time":"2025-11-09T14:29:36+00:00","twitter_card":"summary_large_image","twitter_misc":{"Est. reading time":"2 minutes"},"schema":{"@context":"https:\/\/schema.org","@graph":[{"@type":"WebPage","@id":"https:\/\/markusd.es\/politica-de-privacidad\/","url":"https:\/\/markusd.es\/politica-de-privacidad\/","name":"- markusd.es","isPartOf":{"@id":"https:\/\/markusd.es\/#website"},"datePublished":"2025-11-09T13:51:58+00:00","dateModified":"2025-11-09T14:29:36+00:00","inLanguage":"en-US","potentialAction":[{"@type":"ReadAction","target":["https:\/\/markusd.es\/politica-de-privacidad\/"]}]},{"@type":"WebSite","@id":"https:\/\/markusd.es\/#website","url":"https:\/\/markusd.es\/","name":"markusd.es","description":"","potentialAction":[{"@type":"SearchAction","target":{"@type":"EntryPoint","urlTemplate":"https:\/\/markusd.es\/?s={search_term_string}"},"query-input":{"@type":"PropertyValueSpecification","valueRequired":true,"valueName":"search_term_string"}}],"inLanguage":"en-US"}]}},"_hostinger_reach_plugin_has_subscription_block":false,"_hostinger_reach_plugin_is_elementor":false,"_links":{"self":[{"href":"https:\/\/markusd.es\/en\/wp-json\/wp\/v2\/pages\/355","targetHints":{"allow":["GET"]}}],"collection":[{"href":"https:\/\/markusd.es\/en\/wp-json\/wp\/v2\/pages"}],"about":[{"href":"https:\/\/markusd.es\/en\/wp-json\/wp\/v2\/types\/page"}],"author":[{"embeddable":true,"href":"https:\/\/markusd.es\/en\/wp-json\/wp\/v2\/users\/1"}],"replies":[{"embeddable":true,"href":"https:\/\/markusd.es\/en\/wp-json\/wp\/v2\/comments?post=355"}],"version-history":[{"count":8,"href":"https:\/\/markusd.es\/en\/wp-json\/wp\/v2\/pages\/355\/revisions"}],"predecessor-version":[{"id":400,"href":"https:\/\/markusd.es\/en\/wp-json\/wp\/v2\/pages\/355\/revisions\/400"}],"wp:attachment":[{"href":"https:\/\/markusd.es\/en\/wp-json\/wp\/v2\/media?parent=355"}],"curies":[{"name":"wp","href":"https:\/\/api.w.org\/{rel}","templated":true}]}}