{"id":350,"date":"2025-11-09T13:50:43","date_gmt":"2025-11-09T13:50:43","guid":{"rendered":"https:\/\/markusd.es\/?page_id=350"},"modified":"2025-11-09T14:29:23","modified_gmt":"2025-11-09T14:29:23","slug":"aviso-legal","status":"publish","type":"page","link":"https:\/\/markusd.es\/en\/aviso-legal\/","title":{"rendered":""},"content":{"rendered":"<div class=\"wp-block-group has-accent-1-color has-text-color has-link-color wp-elements-4bb47c0f7b37ba16c74f1556258796ae has-global-padding is-layout-constrained wp-block-group-is-layout-constrained\"><nav class=\"has-text-color has-accent-1-color has-background has-contrast-background-color is-responsive items-justified-center wp-block-navigation is-content-justification-center is-layout-flex wp-container-core-navigation-is-layout-a89b3969 wp-block-navigation-is-layout-flex\" aria-label=\"Men\u00fa\" \n\t\t data-wp-interactive=\"core\/navigation\" data-wp-context='{\"overlayOpenedBy\":{\"click\":false,\"hover\":false,\"focus\":false},\"type\":\"overlay\",\"roleAttribute\":\"\",\"ariaLabel\":\"Menu\"}'><button aria-haspopup=\"dialog\" aria-label=\"Open menu\" class=\"wp-block-navigation__responsive-container-open\" \n\t\t\t\tdata-wp-on-async--click=\"actions.openMenuOnClick\"\n\t\t\t\tdata-wp-on--keydown=\"actions.handleMenuKeydown\"\n\t\t\t><svg width=\"24\" height=\"24\" xmlns=\"http:\/\/www.w3.org\/2000\/svg\" viewbox=\"0 0 24 24\"><path d=\"M5 5v1.5h14V5H5zm0 7.8h14v-1.5H5v1.5zM5 19h14v-1.5H5V19z\" \/><\/svg><\/button>\n\t\t\t\t<div class=\"wp-block-navigation__responsive-container\"  id=\"modal-1\" \n\t\t\t\tdata-wp-class--has-modal-open=\"state.isMenuOpen\"\n\t\t\t\tdata-wp-class--is-menu-open=\"state.isMenuOpen\"\n\t\t\t\tdata-wp-watch=\"callbacks.initMenu\"\n\t\t\t\tdata-wp-on--keydown=\"actions.handleMenuKeydown\"\n\t\t\t\tdata-wp-on-async--focusout=\"actions.handleMenuFocusout\"\n\t\t\t\ttabindex=\"-1\"\n\t\t\t>\n\t\t\t\t\t<div class=\"wp-block-navigation__responsive-close\" tabindex=\"-1\">\n\t\t\t\t\t\t<div class=\"wp-block-navigation__responsive-dialog\" \n\t\t\t\tdata-wp-bind--aria-modal=\"state.ariaModal\"\n\t\t\t\tdata-wp-bind--aria-label=\"state.ariaLabel\"\n\t\t\t\tdata-wp-bind--role=\"state.roleAttribute\"\n\t\t\t>\n\t\t\t\t\t\t\t<button aria-label=\"Close menu\" class=\"wp-block-navigation__responsive-container-close\" \n\t\t\t\tdata-wp-on-async--click=\"actions.closeMenuOnClick\"\n\t\t\t><svg xmlns=\"http:\/\/www.w3.org\/2000\/svg\" viewbox=\"0 0 24 24\" width=\"24\" height=\"24\" aria-hidden=\"true\" focusable=\"false\"><path d=\"m13.06 12 6.47-6.47-1.06-1.06L12 10.94 5.53 4.47 4.47 5.53 10.94 12l-6.47 6.47 1.06 1.06L12 13.06l6.47 6.47 1.06-1.06L13.06 12Z\"><\/path><\/svg><\/button>\n\t\t\t\t\t\t\t<div class=\"wp-block-navigation__responsive-container-content\" \n\t\t\t\tdata-wp-watch=\"callbacks.focusFirstElement\"\n\t\t\t id=\"modal-1-content\">\n\t\t\t\t\t\t\t\t<ul class=\"wp-block-navigation__container has-text-color has-accent-1-color has-background has-contrast-background-color is-responsive items-justified-center wp-block-navigation\"><li class=\"wp-block-navigation-item wp-block-navigation-link has-large-font-size\"><a class=\"wp-block-navigation-item__content\"  href=\"https:\/\/markusd.es\/en\/arte-extremo\/\"><span class=\"wp-block-navigation-item__label\">Arte Extremo<\/span><\/a><\/li><li class=\"wp-block-navigation-item wp-block-navigation-link has-large-font-size\"><a class=\"wp-block-navigation-item__content\"  href=\"https:\/\/markusd.es\/en\/performance\/\"><span class=\"wp-block-navigation-item__label\">Performance<\/span><\/a><\/li><li class=\"wp-block-navigation-item wp-block-navigation-link has-large-font-size\"><a class=\"wp-block-navigation-item__content\"  href=\"https:\/\/markusd.es\/en\/artes-escenicas\/\"><span class=\"wp-block-navigation-item__label\">Performing Arts<\/span><\/a><\/li><li class=\"wp-block-navigation-item wp-block-navigation-link has-large-font-size\"><a class=\"wp-block-navigation-item__content\"  href=\"https:\/\/markusd.es\/en\/objetos-regalo\/\"><span class=\"wp-block-navigation-item__label\">Objetos Regalo<\/span><\/a><\/li><li class=\"wp-block-navigation-item wp-block-navigation-link has-large-font-size\"><a class=\"wp-block-navigation-item__content\"  href=\"https:\/\/markusd.es\/en\/murales-y-cuadros\/\"><span class=\"wp-block-navigation-item__label\">Murales y Cuadros<\/span><\/a><\/li><li class=\"wp-block-navigation-item wp-block-navigation-link has-large-font-size\"><a class=\"wp-block-navigation-item__content\"  href=\"https:\/\/markusd.es\/en\/tecnicas-artesanales\/\"><span class=\"wp-block-navigation-item__label\">T\u00e9cnicas Artesanales<\/span><\/a><\/li><\/ul>\n\t\t\t\t\t\t\t<\/div>\n\t\t\t\t\t\t<\/div>\n\t\t\t\t\t<\/div>\n\t\t\t\t<\/div><\/nav>\n\n\n<h2 class=\"wp-block-heading\">\ud83d\udfe1 <strong>Aviso Legal \u2013 Marc Armengol \/ Markus D<\/strong><\/h2>\n\n\n\n<h3 class=\"wp-block-heading\"><strong>Aviso Legal<\/strong><\/h3>\n\n\n\n<p>En cumplimiento con la Ley 34\/2002 de Servicios de la Sociedad de la Informaci\u00f3n y Comercio Electr\u00f3nico (LSSI-CE), se informa que esta p\u00e1gina web es propiedad de:<\/p>\n\n\n\n<p><strong>Nombre \/ Raz\u00f3n social:<\/strong> Marc Armengol<br><strong>Domicilio:<\/strong> Martorell, Barcelona, Espa\u00f1a<br><strong>Correo electr\u00f3nico:<\/strong> <a href=\"mailto:marcarmengol1212@gmail.com\">marcarmengol1212@gmail.com<\/a><\/p>\n\n\n\n<hr class=\"wp-block-separator has-alpha-channel-opacity\"\/>\n\n\n\n<h2 class=\"wp-block-heading\"><strong>Objeto del sitio web<\/strong><\/h2>\n\n\n\n<p>El presente sitio web tiene como finalidad la difusi\u00f3n de la obra art\u00edstica de Markus D, incluyendo informaci\u00f3n sobre <strong>arte extremo, performances, murales, cuadros y objetos art\u00edsticos<\/strong>, as\u00ed como la posibilidad de <strong>contactar con el artista<\/strong> para encargos, colaboraciones o consultas.<\/p>\n\n\n\n<hr class=\"wp-block-separator has-alpha-channel-opacity\"\/>\n\n\n\n<h2 class=\"wp-block-heading\"><strong>Propiedad intelectual<\/strong><\/h2>\n\n\n\n<p>Todos los contenidos de este sitio web (textos, im\u00e1genes, fotograf\u00edas, v\u00eddeos, dise\u00f1o gr\u00e1fico, logotipos, ilustraciones, etc.) son propiedad de Marc Armengol \/ Markus D o de terceros que han autorizado su uso.<br>Queda estrictamente prohibida su <strong>reproducci\u00f3n, distribuci\u00f3n, comunicaci\u00f3n p\u00fablica o transformaci\u00f3n<\/strong> sin la autorizaci\u00f3n expresa del titular de los derechos.<\/p>\n\n\n\n<hr class=\"wp-block-separator has-alpha-channel-opacity\"\/>\n\n\n\n<h2 class=\"wp-block-heading\"><strong>Responsabilidad<\/strong><\/h2>\n\n\n\n<p>El propietario del sitio web no se hace responsable de los errores u omisiones en los contenidos, ni de los da\u00f1os derivados del uso de la p\u00e1gina.<br>Se exime de cualquier responsabilidad sobre <strong>sitios externos enlazados<\/strong> desde esta web.<\/p>\n\n\n\n<hr class=\"wp-block-separator has-alpha-channel-opacity\"\/>\n\n\n\n<h2 class=\"wp-block-heading\"><strong>Legislaci\u00f3n aplicable y jurisdicci\u00f3n<\/strong><\/h2>\n\n\n\n<p>Este Aviso Legal se rige por la legislaci\u00f3n espa\u00f1ola vigente.<br>Cualquier conflicto derivado del uso de esta web ser\u00e1 resuelto ante los <strong>tribunales de Martorell, Barcelona, Espa\u00f1a<\/strong>.<\/p>\n<\/div>","protected":false},"excerpt":{"rendered":"<p>\ud83d\udfe1 Aviso Legal \u2013 Marc Armengol \/ Markus D Aviso Legal En cumplimiento con la Ley 34\/2002 de Servicios de la Sociedad de la Informaci\u00f3n y Comercio Electr\u00f3nico (LSSI-CE), se informa que esta p\u00e1gina web es propiedad de: Nombre \/ Raz\u00f3n social: Marc ArmengolDomicilio: Martorell, Barcelona, Espa\u00f1aCorreo electr\u00f3nico: marcarmengol1212@gmail.com Objeto del sitio web El presente [&hellip;]<\/p>","protected":false},"author":1,"featured_media":0,"parent":0,"menu_order":0,"comment_status":"closed","ping_status":"closed","template":"","meta":{"footnotes":""},"class_list":["post-350","page","type-page","status-publish","hentry"],"yoast_head":"<!-- This site is optimized with the Yoast SEO plugin v26.3 - https:\/\/yoast.com\/wordpress\/plugins\/seo\/ -->\n<title>- markusd.es<\/title>\n<meta name=\"robots\" content=\"index, nofollow, max-snippet:-1, max-image-preview:large, max-video-preview:-1\" \/>\n<link rel=\"canonical\" href=\"https:\/\/markusd.es\/en\/aviso-legal\/\" \/>\n<meta property=\"og:locale\" content=\"en_US\" \/>\n<meta property=\"og:type\" content=\"article\" \/>\n<meta property=\"og:title\" content=\"- markusd.es\" \/>\n<meta property=\"og:description\" content=\"\ud83d\udfe1 Aviso Legal \u2013 Marc Armengol \/ Markus D Aviso Legal En cumplimiento con la Ley 34\/2002 de Servicios de la Sociedad de la Informaci\u00f3n y Comercio Electr\u00f3nico (LSSI-CE), se informa que esta p\u00e1gina web es propiedad de: Nombre \/ Raz\u00f3n social: Marc ArmengolDomicilio: Martorell, Barcelona, Espa\u00f1aCorreo electr\u00f3nico: marcarmengol1212@gmail.com Objeto del sitio web El presente [&hellip;]\" \/>\n<meta property=\"og:url\" content=\"https:\/\/markusd.es\/en\/aviso-legal\/\" \/>\n<meta property=\"og:site_name\" content=\"markusd.es\" \/>\n<meta property=\"article:modified_time\" content=\"2025-11-09T14:29:23+00:00\" \/>\n<meta name=\"twitter:card\" content=\"summary_large_image\" \/>\n<meta name=\"twitter:label1\" content=\"Est. reading time\" \/>\n\t<meta name=\"twitter:data1\" content=\"2 minutes\" \/>\n<script type=\"application\/ld+json\" class=\"yoast-schema-graph\">{\"@context\":\"https:\/\/schema.org\",\"@graph\":[{\"@type\":\"WebPage\",\"@id\":\"https:\/\/markusd.es\/en\/aviso-legal\/\",\"url\":\"https:\/\/markusd.es\/en\/aviso-legal\/\",\"name\":\"- markusd.es\",\"isPartOf\":{\"@id\":\"https:\/\/markusd.es\/#website\"},\"datePublished\":\"2025-11-09T13:50:43+00:00\",\"dateModified\":\"2025-11-09T14:29:23+00:00\",\"inLanguage\":\"en-US\",\"potentialAction\":[{\"@type\":\"ReadAction\",\"target\":[\"https:\/\/markusd.es\/en\/aviso-legal\/\"]}]},{\"@type\":\"WebSite\",\"@id\":\"https:\/\/markusd.es\/#website\",\"url\":\"https:\/\/markusd.es\/\",\"name\":\"markusd.es\",\"description\":\"\",\"potentialAction\":[{\"@type\":\"SearchAction\",\"target\":{\"@type\":\"EntryPoint\",\"urlTemplate\":\"https:\/\/markusd.es\/?s={search_term_string}\"},\"query-input\":{\"@type\":\"PropertyValueSpecification\",\"valueRequired\":true,\"valueName\":\"search_term_string\"}}],\"inLanguage\":\"en-US\"}]}<\/script>\n<!-- \/ Yoast SEO plugin. -->","yoast_head_json":{"title":"- markusd.es","robots":{"index":"index","follow":"nofollow","max-snippet":"max-snippet:-1","max-image-preview":"max-image-preview:large","max-video-preview":"max-video-preview:-1"},"canonical":"https:\/\/markusd.es\/en\/aviso-legal\/","og_locale":"en_US","og_type":"article","og_title":"- markusd.es","og_description":"\ud83d\udfe1 Aviso Legal \u2013 Marc Armengol \/ Markus D Aviso Legal En cumplimiento con la Ley 34\/2002 de Servicios de la Sociedad de la Informaci\u00f3n y Comercio Electr\u00f3nico (LSSI-CE), se informa que esta p\u00e1gina web es propiedad de: Nombre \/ Raz\u00f3n social: Marc ArmengolDomicilio: Martorell, Barcelona, Espa\u00f1aCorreo electr\u00f3nico: marcarmengol1212@gmail.com Objeto del sitio web El presente [&hellip;]","og_url":"https:\/\/markusd.es\/en\/aviso-legal\/","og_site_name":"markusd.es","article_modified_time":"2025-11-09T14:29:23+00:00","twitter_card":"summary_large_image","twitter_misc":{"Est. reading time":"2 minutes"},"schema":{"@context":"https:\/\/schema.org","@graph":[{"@type":"WebPage","@id":"https:\/\/markusd.es\/en\/aviso-legal\/","url":"https:\/\/markusd.es\/en\/aviso-legal\/","name":"- markusd.es","isPartOf":{"@id":"https:\/\/markusd.es\/#website"},"datePublished":"2025-11-09T13:50:43+00:00","dateModified":"2025-11-09T14:29:23+00:00","inLanguage":"en-US","potentialAction":[{"@type":"ReadAction","target":["https:\/\/markusd.es\/en\/aviso-legal\/"]}]},{"@type":"WebSite","@id":"https:\/\/markusd.es\/#website","url":"https:\/\/markusd.es\/","name":"markusd.es","description":"","potentialAction":[{"@type":"SearchAction","target":{"@type":"EntryPoint","urlTemplate":"https:\/\/markusd.es\/?s={search_term_string}"},"query-input":{"@type":"PropertyValueSpecification","valueRequired":true,"valueName":"search_term_string"}}],"inLanguage":"en-US"}]}},"_hostinger_reach_plugin_has_subscription_block":false,"_hostinger_reach_plugin_is_elementor":false,"_links":{"self":[{"href":"https:\/\/markusd.es\/en\/wp-json\/wp\/v2\/pages\/350","targetHints":{"allow":["GET"]}}],"collection":[{"href":"https:\/\/markusd.es\/en\/wp-json\/wp\/v2\/pages"}],"about":[{"href":"https:\/\/markusd.es\/en\/wp-json\/wp\/v2\/types\/page"}],"author":[{"embeddable":true,"href":"https:\/\/markusd.es\/en\/wp-json\/wp\/v2\/users\/1"}],"replies":[{"embeddable":true,"href":"https:\/\/markusd.es\/en\/wp-json\/wp\/v2\/comments?post=350"}],"version-history":[{"count":7,"href":"https:\/\/markusd.es\/en\/wp-json\/wp\/v2\/pages\/350\/revisions"}],"predecessor-version":[{"id":399,"href":"https:\/\/markusd.es\/en\/wp-json\/wp\/v2\/pages\/350\/revisions\/399"}],"wp:attachment":[{"href":"https:\/\/markusd.es\/en\/wp-json\/wp\/v2\/media?parent=350"}],"curies":[{"name":"wp","href":"https:\/\/api.w.org\/{rel}","templated":true}]}}