{"id":345,"date":"2025-11-09T13:43:11","date_gmt":"2025-11-09T13:43:11","guid":{"rendered":"https:\/\/markusd.es\/?page_id=345"},"modified":"2025-11-09T14:28:18","modified_gmt":"2025-11-09T14:28:18","slug":"contacto","status":"publish","type":"page","link":"https:\/\/markusd.es\/en\/contacto\/","title":{"rendered":""},"content":{"rendered":"<div class=\"wp-block-group has-accent-1-color has-text-color has-link-color wp-elements-2e058ae685d3da51f795749bbad57e7d has-global-padding is-layout-constrained wp-block-group-is-layout-constrained\"><nav class=\"has-text-color has-accent-1-color has-background has-contrast-background-color is-responsive items-justified-center wp-block-navigation is-content-justification-center is-layout-flex wp-container-core-navigation-is-layout-a89b3969 wp-block-navigation-is-layout-flex\" aria-label=\"Men\u00fa\" \n\t\t data-wp-interactive=\"core\/navigation\" data-wp-context='{\"overlayOpenedBy\":{\"click\":false,\"hover\":false,\"focus\":false},\"type\":\"overlay\",\"roleAttribute\":\"\",\"ariaLabel\":\"Menu\"}'><button aria-haspopup=\"dialog\" aria-label=\"Open menu\" class=\"wp-block-navigation__responsive-container-open\" \n\t\t\t\tdata-wp-on-async--click=\"actions.openMenuOnClick\"\n\t\t\t\tdata-wp-on--keydown=\"actions.handleMenuKeydown\"\n\t\t\t><svg width=\"24\" height=\"24\" xmlns=\"http:\/\/www.w3.org\/2000\/svg\" viewbox=\"0 0 24 24\"><path d=\"M5 5v1.5h14V5H5zm0 7.8h14v-1.5H5v1.5zM5 19h14v-1.5H5V19z\" \/><\/svg><\/button>\n\t\t\t\t<div class=\"wp-block-navigation__responsive-container\"  id=\"modal-1\" \n\t\t\t\tdata-wp-class--has-modal-open=\"state.isMenuOpen\"\n\t\t\t\tdata-wp-class--is-menu-open=\"state.isMenuOpen\"\n\t\t\t\tdata-wp-watch=\"callbacks.initMenu\"\n\t\t\t\tdata-wp-on--keydown=\"actions.handleMenuKeydown\"\n\t\t\t\tdata-wp-on-async--focusout=\"actions.handleMenuFocusout\"\n\t\t\t\ttabindex=\"-1\"\n\t\t\t>\n\t\t\t\t\t<div class=\"wp-block-navigation__responsive-close\" tabindex=\"-1\">\n\t\t\t\t\t\t<div class=\"wp-block-navigation__responsive-dialog\" \n\t\t\t\tdata-wp-bind--aria-modal=\"state.ariaModal\"\n\t\t\t\tdata-wp-bind--aria-label=\"state.ariaLabel\"\n\t\t\t\tdata-wp-bind--role=\"state.roleAttribute\"\n\t\t\t>\n\t\t\t\t\t\t\t<button aria-label=\"Close menu\" class=\"wp-block-navigation__responsive-container-close\" \n\t\t\t\tdata-wp-on-async--click=\"actions.closeMenuOnClick\"\n\t\t\t><svg xmlns=\"http:\/\/www.w3.org\/2000\/svg\" viewbox=\"0 0 24 24\" width=\"24\" height=\"24\" aria-hidden=\"true\" focusable=\"false\"><path d=\"m13.06 12 6.47-6.47-1.06-1.06L12 10.94 5.53 4.47 4.47 5.53 10.94 12l-6.47 6.47 1.06 1.06L12 13.06l6.47 6.47 1.06-1.06L13.06 12Z\"><\/path><\/svg><\/button>\n\t\t\t\t\t\t\t<div class=\"wp-block-navigation__responsive-container-content\" \n\t\t\t\tdata-wp-watch=\"callbacks.focusFirstElement\"\n\t\t\t id=\"modal-1-content\">\n\t\t\t\t\t\t\t\t<ul class=\"wp-block-navigation__container has-text-color has-accent-1-color has-background has-contrast-background-color is-responsive items-justified-center wp-block-navigation\"><li class=\"wp-block-navigation-item wp-block-navigation-link has-large-font-size\"><a class=\"wp-block-navigation-item__content\"  href=\"https:\/\/markusd.es\/en\/arte-extremo\/\"><span class=\"wp-block-navigation-item__label\">Arte Extremo<\/span><\/a><\/li><li class=\"wp-block-navigation-item wp-block-navigation-link has-large-font-size\"><a class=\"wp-block-navigation-item__content\"  href=\"https:\/\/markusd.es\/en\/performance\/\"><span class=\"wp-block-navigation-item__label\">Performance<\/span><\/a><\/li><li class=\"wp-block-navigation-item wp-block-navigation-link has-large-font-size\"><a class=\"wp-block-navigation-item__content\"  href=\"https:\/\/markusd.es\/en\/artes-escenicas\/\"><span class=\"wp-block-navigation-item__label\">Performing Arts<\/span><\/a><\/li><li class=\"wp-block-navigation-item wp-block-navigation-link has-large-font-size\"><a class=\"wp-block-navigation-item__content\"  href=\"https:\/\/markusd.es\/en\/objetos-regalo\/\"><span class=\"wp-block-navigation-item__label\">Objetos Regalo<\/span><\/a><\/li><li class=\"wp-block-navigation-item wp-block-navigation-link has-large-font-size\"><a class=\"wp-block-navigation-item__content\"  href=\"https:\/\/markusd.es\/en\/murales-y-cuadros\/\"><span class=\"wp-block-navigation-item__label\">Murales y Cuadros<\/span><\/a><\/li><li class=\"wp-block-navigation-item wp-block-navigation-link has-large-font-size\"><a class=\"wp-block-navigation-item__content\"  href=\"https:\/\/markusd.es\/en\/tecnicas-artesanales\/\"><span class=\"wp-block-navigation-item__label\">T\u00e9cnicas Artesanales<\/span><\/a><\/li><\/ul>\n\t\t\t\t\t\t\t<\/div>\n\t\t\t\t\t\t<\/div>\n\t\t\t\t\t<\/div>\n\t\t\t\t<\/div><\/nav>\n\n\n<h2 class=\"wp-block-heading\"><strong>\ud83d\udce9 CONTACTO \u2014 CONECTA CON MARKUS D<\/strong><\/h2>\n\n\n\n<p>El arte vive cuando se comparte.<br>Si deseas informaci\u00f3n sobre <strong>exposiciones, colaboraciones, encargos o adquisiciones de obra<\/strong>, puedes contactar conmigo directamente.<br>Cada proyecto es una oportunidad para crear algo nuevo, aut\u00e9ntico y con alma.<\/p>\n\n\n\n<hr class=\"wp-block-separator has-alpha-channel-opacity\"\/>\n\n\n\n<h2 class=\"wp-block-heading\"><strong>\u2709\ufe0f Correo directo<\/strong><\/h2>\n\n\n\n<p>\ud83d\udce7 <strong><a href=\"mailto:marcarmengol1212@gmail.com\">marcarmengol1212@gmail.com<\/a><\/strong><\/p>\n\n\n\n<p><em>(Respondo personalmente a cada mensaje.)<\/em><\/p>\n\n\n\n<hr class=\"wp-block-separator has-alpha-channel-opacity\"\/>\n\n\n\n<h2 class=\"wp-block-heading\">\ud83d\uddbc\ufe0f <strong>Encargos y colaboraciones<\/strong><\/h2>\n\n\n\n<p>Realizo <strong>encargos personalizados<\/strong>, murales, performances, proyectos esc\u00e9nicos y piezas \u00fanicas adaptadas a espacios o eventos.<br>Tambi\u00e9n colaboro con <strong>galer\u00edas, marcas, festivales y medios<\/strong> que compartan mi visi\u00f3n del arte como energ\u00eda y transformaci\u00f3n.<\/p>\n\n\n\n<hr class=\"wp-block-separator has-alpha-channel-opacity\"\/>\n\n\n\n<p class=\"has-accent-1-color has-text-color has-link-color wp-elements-14ccaf56e269ffb372a73c1d43710ab2\"><\/p>\n<\/div>","protected":false},"excerpt":{"rendered":"<p>\ud83d\udce9 CONTACTO \u2014 CONECTA CON MARKUS D El arte vive cuando se comparte.Si deseas informaci\u00f3n sobre exposiciones, colaboraciones, encargos o adquisiciones de obra, puedes contactar conmigo directamente.Cada proyecto es una oportunidad para crear algo nuevo, aut\u00e9ntico y con alma. \u2709\ufe0f Correo directo \ud83d\udce7 marcarmengol1212@gmail.com (Respondo personalmente a cada mensaje.) \ud83d\uddbc\ufe0f Encargos y colaboraciones Realizo encargos [&hellip;]<\/p>","protected":false},"author":1,"featured_media":0,"parent":0,"menu_order":0,"comment_status":"closed","ping_status":"closed","template":"","meta":{"footnotes":""},"class_list":["post-345","page","type-page","status-publish","hentry"],"yoast_head":"<!-- This site is optimized with the Yoast SEO plugin v26.3 - https:\/\/yoast.com\/wordpress\/plugins\/seo\/ -->\n<title>- markusd.es<\/title>\n<meta name=\"robots\" content=\"index, follow, max-snippet:-1, max-image-preview:large, max-video-preview:-1\" \/>\n<link rel=\"canonical\" href=\"https:\/\/markusd.es\/en\/contacto\/\" \/>\n<meta property=\"og:locale\" content=\"en_US\" \/>\n<meta property=\"og:type\" content=\"article\" \/>\n<meta property=\"og:title\" content=\"- markusd.es\" \/>\n<meta property=\"og:description\" content=\"\ud83d\udce9 CONTACTO \u2014 CONECTA CON MARKUS D El arte vive cuando se comparte.Si deseas informaci\u00f3n sobre exposiciones, colaboraciones, encargos o adquisiciones de obra, puedes contactar conmigo directamente.Cada proyecto es una oportunidad para crear algo nuevo, aut\u00e9ntico y con alma. \u2709\ufe0f Correo directo \ud83d\udce7 marcarmengol1212@gmail.com (Respondo personalmente a cada mensaje.) \ud83d\uddbc\ufe0f Encargos y colaboraciones Realizo encargos [&hellip;]\" \/>\n<meta property=\"og:url\" content=\"https:\/\/markusd.es\/en\/contacto\/\" \/>\n<meta property=\"og:site_name\" content=\"markusd.es\" \/>\n<meta property=\"article:modified_time\" content=\"2025-11-09T14:28:18+00:00\" \/>\n<meta name=\"twitter:card\" content=\"summary_large_image\" \/>\n<meta name=\"twitter:label1\" content=\"Est. reading time\" \/>\n\t<meta name=\"twitter:data1\" content=\"1 minute\" \/>\n<script type=\"application\/ld+json\" class=\"yoast-schema-graph\">{\"@context\":\"https:\/\/schema.org\",\"@graph\":[{\"@type\":\"WebPage\",\"@id\":\"https:\/\/markusd.es\/contacto\/\",\"url\":\"https:\/\/markusd.es\/contacto\/\",\"name\":\"- markusd.es\",\"isPartOf\":{\"@id\":\"https:\/\/markusd.es\/#website\"},\"datePublished\":\"2025-11-09T13:43:11+00:00\",\"dateModified\":\"2025-11-09T14:28:18+00:00\",\"inLanguage\":\"en-US\",\"potentialAction\":[{\"@type\":\"ReadAction\",\"target\":[\"https:\/\/markusd.es\/contacto\/\"]}]},{\"@type\":\"WebSite\",\"@id\":\"https:\/\/markusd.es\/#website\",\"url\":\"https:\/\/markusd.es\/\",\"name\":\"markusd.es\",\"description\":\"\",\"potentialAction\":[{\"@type\":\"SearchAction\",\"target\":{\"@type\":\"EntryPoint\",\"urlTemplate\":\"https:\/\/markusd.es\/?s={search_term_string}\"},\"query-input\":{\"@type\":\"PropertyValueSpecification\",\"valueRequired\":true,\"valueName\":\"search_term_string\"}}],\"inLanguage\":\"en-US\"}]}<\/script>\n<!-- \/ Yoast SEO plugin. -->","yoast_head_json":{"title":"- markusd.es","robots":{"index":"index","follow":"follow","max-snippet":"max-snippet:-1","max-image-preview":"max-image-preview:large","max-video-preview":"max-video-preview:-1"},"canonical":"https:\/\/markusd.es\/en\/contacto\/","og_locale":"en_US","og_type":"article","og_title":"- markusd.es","og_description":"\ud83d\udce9 CONTACTO \u2014 CONECTA CON MARKUS D El arte vive cuando se comparte.Si deseas informaci\u00f3n sobre exposiciones, colaboraciones, encargos o adquisiciones de obra, puedes contactar conmigo directamente.Cada proyecto es una oportunidad para crear algo nuevo, aut\u00e9ntico y con alma. \u2709\ufe0f Correo directo \ud83d\udce7 marcarmengol1212@gmail.com (Respondo personalmente a cada mensaje.) \ud83d\uddbc\ufe0f Encargos y colaboraciones Realizo encargos [&hellip;]","og_url":"https:\/\/markusd.es\/en\/contacto\/","og_site_name":"markusd.es","article_modified_time":"2025-11-09T14:28:18+00:00","twitter_card":"summary_large_image","twitter_misc":{"Est. reading time":"1 minute"},"schema":{"@context":"https:\/\/schema.org","@graph":[{"@type":"WebPage","@id":"https:\/\/markusd.es\/contacto\/","url":"https:\/\/markusd.es\/contacto\/","name":"- markusd.es","isPartOf":{"@id":"https:\/\/markusd.es\/#website"},"datePublished":"2025-11-09T13:43:11+00:00","dateModified":"2025-11-09T14:28:18+00:00","inLanguage":"en-US","potentialAction":[{"@type":"ReadAction","target":["https:\/\/markusd.es\/contacto\/"]}]},{"@type":"WebSite","@id":"https:\/\/markusd.es\/#website","url":"https:\/\/markusd.es\/","name":"markusd.es","description":"","potentialAction":[{"@type":"SearchAction","target":{"@type":"EntryPoint","urlTemplate":"https:\/\/markusd.es\/?s={search_term_string}"},"query-input":{"@type":"PropertyValueSpecification","valueRequired":true,"valueName":"search_term_string"}}],"inLanguage":"en-US"}]}},"_hostinger_reach_plugin_has_subscription_block":false,"_hostinger_reach_plugin_is_elementor":false,"_links":{"self":[{"href":"https:\/\/markusd.es\/en\/wp-json\/wp\/v2\/pages\/345","targetHints":{"allow":["GET"]}}],"collection":[{"href":"https:\/\/markusd.es\/en\/wp-json\/wp\/v2\/pages"}],"about":[{"href":"https:\/\/markusd.es\/en\/wp-json\/wp\/v2\/types\/page"}],"author":[{"embeddable":true,"href":"https:\/\/markusd.es\/en\/wp-json\/wp\/v2\/users\/1"}],"replies":[{"embeddable":true,"href":"https:\/\/markusd.es\/en\/wp-json\/wp\/v2\/comments?post=345"}],"version-history":[{"count":6,"href":"https:\/\/markusd.es\/en\/wp-json\/wp\/v2\/pages\/345\/revisions"}],"predecessor-version":[{"id":397,"href":"https:\/\/markusd.es\/en\/wp-json\/wp\/v2\/pages\/345\/revisions\/397"}],"wp:attachment":[{"href":"https:\/\/markusd.es\/en\/wp-json\/wp\/v2\/media?parent=345"}],"curies":[{"name":"wp","href":"https:\/\/api.w.org\/{rel}","templated":true}]}}